{"id":68,"date":"2021-06-08T15:06:55","date_gmt":"2021-06-08T13:06:55","guid":{"rendered":"http:\/\/davidpilette.com\/FD2\/?page_id=68"},"modified":"2022-01-22T17:19:31","modified_gmt":"2022-01-22T16:19:31","slug":"photos","status":"publish","type":"page","link":"https:\/\/www.fredericdurieux.com\/index.php\/photos\/","title":{"rendered":"Photos"},"content":{"rendered":"<p>[et_pb_section fb_built=\u00a0\u00bb1&Prime; _builder_version=\u00a0\u00bb4.9.3&Prime; _module_preset=\u00a0\u00bbdefault\u00a0\u00bb background_color=\u00a0\u00bb#020202&Prime; hover_enabled=\u00a0\u00bb0&Prime; sticky_enabled=\u00a0\u00bb0&Prime;][et_pb_row _builder_version=\u00a0\u00bb4.9.3&Prime; _module_preset=\u00a0\u00bbdefault\u00a0\u00bb][et_pb_column type=\u00a0\u00bb4_4&Prime; _builder_version=\u00a0\u00bb4.9.3&Prime; _module_preset=\u00a0\u00bbdefault\u00a0\u00bb][et_pb_gallery gallery_ids=\u00a0\u00bb774,775,776,777,778,779,780,802,801,800,799,798,797,796&Prime; posts_number=\u00a0\u00bb14&Prime; show_title_and_caption=\u00a0\u00bboff\u00a0\u00bb show_pagination=\u00a0\u00bboff\u00a0\u00bb zoom_icon_color=\u00a0\u00bb#FFFFFF\u00a0\u00bb hover_overlay_color=\u00a0\u00bbrgba(13,13,13,0.51)\u00a0\u00bb hover_icon=\u00a0\u00bb%%15%%\u00a0\u00bb _builder_version=\u00a0\u00bb4.9.3&Prime; _module_preset=\u00a0\u00bbdefault\u00a0\u00bb caption_text_color=\u00a0\u00bbRGBA(0,0,0,0)\u00a0\u00bb caption_font_size=\u00a0\u00bb1px\u00a0\u00bb background_color=\u00a0\u00bb#020202&Prime; child_filter_saturate=\u00a0\u00bb38%\u00a0\u00bb child_filter_contrast=\u00a0\u00bb120%\u00a0\u00bb child_filter_sepia=\u00a0\u00bb30%\u00a0\u00bb hover_enabled=\u00a0\u00bb0&Prime; sticky_enabled=\u00a0\u00bb0&Prime;][\/et_pb_gallery][\/et_pb_column][\/et_pb_row][\/et_pb_section]<\/p>\n","protected":false},"excerpt":{"rendered":"<p>[et_pb_section fb_built=\u00a0\u00bb1&Prime; _builder_version=\u00a0\u00bb4.9.3&Prime; _module_preset=\u00a0\u00bbdefault\u00a0\u00bb background_color=\u00a0\u00bb#020202&Prime; hover_enabled=\u00a0\u00bb0&Prime; sticky_enabled=\u00a0\u00bb0&Prime;][et_pb_row _builder_version=\u00a0\u00bb4.9.3&Prime; _module_preset=\u00a0\u00bbdefault\u00a0\u00bb][et_pb_column type=\u00a0\u00bb4_4&Prime; _builder_version=\u00a0\u00bb4.9.3&Prime; _module_preset=\u00a0\u00bbdefault\u00a0\u00bb][et_pb_gallery gallery_ids=\u00a0\u00bb774,775,776,777,778,779,780,802,801,800,799,798,797,796&Prime; posts_number=\u00a0\u00bb14&Prime; show_title_and_caption=\u00a0\u00bboff\u00a0\u00bb show_pagination=\u00a0\u00bboff\u00a0\u00bb zoom_icon_color=\u00a0\u00bb#FFFFFF\u00a0\u00bb hover_overlay_color=\u00a0\u00bbrgba(13,13,13,0.51)\u00a0\u00bb hover_icon=\u00a0\u00bb%%15%%\u00a0\u00bb _builder_version=\u00a0\u00bb4.9.3&Prime; _module_preset=\u00a0\u00bbdefault\u00a0\u00bb caption_text_color=\u00a0\u00bbRGBA(0,0,0,0)\u00a0\u00bb caption_font_size=\u00a0\u00bb1px\u00a0\u00bb background_color=\u00a0\u00bb#020202&Prime; child_filter_saturate=\u00a0\u00bb38%\u00a0\u00bb child_filter_contrast=\u00a0\u00bb120%\u00a0\u00bb child_filter_sepia=\u00a0\u00bb30%\u00a0\u00bb hover_enabled=\u00a0\u00bb0&Prime; sticky_enabled=\u00a0\u00bb0&Prime;][\/et_pb_gallery][\/et_pb_column][\/et_pb_row][\/et_pb_section]<\/p>\n","protected":false},"author":1,"featured_media":0,"parent":0,"menu_order":0,"comment_status":"closed","ping_status":"closed","template":"","meta":{"_et_pb_use_builder":"on","_et_pb_old_content":"<!-- wp:divi\/placeholder \/-->","_et_gb_content_width":"","_monsterinsights_skip_tracking":false,"_monsterinsights_sitenote_active":false,"_monsterinsights_sitenote_note":"","_monsterinsights_sitenote_category":0},"acf":[],"yoast_head":"<!-- This site is optimized with the Yoast SEO Premium plugin v17.9 (Yoast SEO v19.13) - https:\/\/yoast.com\/wordpress\/plugins\/seo\/ -->\n<title>Photos - Fr\u00e9d\u00e9ric Durieux<\/title>\n<meta name=\"robots\" content=\"index, follow, max-snippet:-1, max-image-preview:large, max-video-preview:-1\" \/>\n<link rel=\"canonical\" href=\"https:\/\/www.fredericdurieux.com\/index.php\/photos\/\" \/>\n<meta property=\"og:locale\" content=\"fr_FR\" \/>\n<meta property=\"og:type\" content=\"article\" \/>\n<meta property=\"og:title\" content=\"Photos Fr\u00e9d\u00e9ric Durieux - Composer\" \/>\n<meta property=\"og:description\" content=\"Bienvenue sur le site du compositeur Fr\u00e9d\u00e9ric Durieux\" \/>\n<meta property=\"og:url\" content=\"https:\/\/www.fredericdurieux.com\/index.php\/photos\/\" \/>\n<meta property=\"og:site_name\" content=\"Fr\u00e9d\u00e9ric Durieux\" \/>\n<meta property=\"article:modified_time\" content=\"2022-01-22T16:19:31+00:00\" \/>\n<meta property=\"og:image\" content=\"https:\/\/www.fredericdurieux.com\/wp-content\/uploads\/2022\/02\/Fre\u0301de\u0301ric-Durieux.png\" \/>\n\t<meta property=\"og:image:width\" content=\"1367\" \/>\n\t<meta property=\"og:image:height\" content=\"753\" \/>\n\t<meta property=\"og:image:type\" content=\"image\/png\" \/>\n<meta name=\"twitter:card\" content=\"summary_large_image\" \/>\n<script type=\"application\/ld+json\" class=\"yoast-schema-graph\">{\"@context\":\"https:\/\/schema.org\",\"@graph\":[{\"@type\":\"WebPage\",\"@id\":\"https:\/\/www.fredericdurieux.com\/index.php\/photos\/\",\"url\":\"https:\/\/www.fredericdurieux.com\/index.php\/photos\/\",\"name\":\"Photos - Fr\u00e9d\u00e9ric Durieux\",\"isPartOf\":{\"@id\":\"https:\/\/www.fredericdurieux.com\/#website\"},\"datePublished\":\"2021-06-08T13:06:55+00:00\",\"dateModified\":\"2022-01-22T16:19:31+00:00\",\"breadcrumb\":{\"@id\":\"https:\/\/www.fredericdurieux.com\/index.php\/photos\/#breadcrumb\"},\"inLanguage\":\"fr-FR\",\"potentialAction\":[{\"@type\":\"ReadAction\",\"target\":[\"https:\/\/www.fredericdurieux.com\/index.php\/photos\/\"]}]},{\"@type\":\"BreadcrumbList\",\"@id\":\"https:\/\/www.fredericdurieux.com\/index.php\/photos\/#breadcrumb\",\"itemListElement\":[{\"@type\":\"ListItem\",\"position\":1,\"name\":\"Accueil\",\"item\":\"https:\/\/www.fredericdurieux.com\/\"},{\"@type\":\"ListItem\",\"position\":2,\"name\":\"Photos\"}]},{\"@type\":\"WebSite\",\"@id\":\"https:\/\/www.fredericdurieux.com\/#website\",\"url\":\"https:\/\/www.fredericdurieux.com\/\",\"name\":\"Fr\u00e9d\u00e9ric Durieux\",\"description\":\"Compositeur\",\"publisher\":{\"@id\":\"https:\/\/www.fredericdurieux.com\/#\/schema\/person\/a33962bb2a339dd50976b2e193f30b79\"},\"potentialAction\":[{\"@type\":\"SearchAction\",\"target\":{\"@type\":\"EntryPoint\",\"urlTemplate\":\"https:\/\/www.fredericdurieux.com\/?s={search_term_string}\"},\"query-input\":\"required name=search_term_string\"}],\"inLanguage\":\"fr-FR\"},{\"@type\":[\"Person\",\"Organization\"],\"@id\":\"https:\/\/www.fredericdurieux.com\/#\/schema\/person\/a33962bb2a339dd50976b2e193f30b79\",\"name\":\"Fr\u00e9d\u00e9ric Durieux\",\"image\":{\"@type\":\"ImageObject\",\"inLanguage\":\"fr-FR\",\"@id\":\"https:\/\/www.fredericdurieux.com\/#\/schema\/person\/image\/\",\"url\":\"https:\/\/www.fredericdurieux.com\/wp-content\/uploads\/2022\/01\/Portrait-Durieux-Ecoutes.jpg\",\"contentUrl\":\"https:\/\/www.fredericdurieux.com\/wp-content\/uploads\/2022\/01\/Portrait-Durieux-Ecoutes.jpg\",\"width\":600,\"height\":646,\"caption\":\"Fr\u00e9d\u00e9ric Durieux\"},\"logo\":{\"@id\":\"https:\/\/www.fredericdurieux.com\/#\/schema\/person\/image\/\"},\"sameAs\":[\"FDurieux\"]}]}<\/script>\n<!-- \/ Yoast SEO Premium plugin. -->","yoast_head_json":{"title":"Photos - Fr\u00e9d\u00e9ric Durieux","robots":{"index":"index","follow":"follow","max-snippet":"max-snippet:-1","max-image-preview":"max-image-preview:large","max-video-preview":"max-video-preview:-1"},"canonical":"https:\/\/www.fredericdurieux.com\/index.php\/photos\/","og_locale":"fr_FR","og_type":"article","og_title":"Photos Fr\u00e9d\u00e9ric Durieux - Composer","og_description":"Bienvenue sur le site du compositeur Fr\u00e9d\u00e9ric Durieux","og_url":"https:\/\/www.fredericdurieux.com\/index.php\/photos\/","og_site_name":"Fr\u00e9d\u00e9ric Durieux","article_modified_time":"2022-01-22T16:19:31+00:00","og_image":[{"width":1367,"height":753,"url":"https:\/\/www.fredericdurieux.com\/wp-content\/uploads\/2022\/02\/Fre\u0301de\u0301ric-Durieux.png","type":"image\/png"}],"twitter_card":"summary_large_image","schema":{"@context":"https:\/\/schema.org","@graph":[{"@type":"WebPage","@id":"https:\/\/www.fredericdurieux.com\/index.php\/photos\/","url":"https:\/\/www.fredericdurieux.com\/index.php\/photos\/","name":"Photos - Fr\u00e9d\u00e9ric Durieux","isPartOf":{"@id":"https:\/\/www.fredericdurieux.com\/#website"},"datePublished":"2021-06-08T13:06:55+00:00","dateModified":"2022-01-22T16:19:31+00:00","breadcrumb":{"@id":"https:\/\/www.fredericdurieux.com\/index.php\/photos\/#breadcrumb"},"inLanguage":"fr-FR","potentialAction":[{"@type":"ReadAction","target":["https:\/\/www.fredericdurieux.com\/index.php\/photos\/"]}]},{"@type":"BreadcrumbList","@id":"https:\/\/www.fredericdurieux.com\/index.php\/photos\/#breadcrumb","itemListElement":[{"@type":"ListItem","position":1,"name":"Accueil","item":"https:\/\/www.fredericdurieux.com\/"},{"@type":"ListItem","position":2,"name":"Photos"}]},{"@type":"WebSite","@id":"https:\/\/www.fredericdurieux.com\/#website","url":"https:\/\/www.fredericdurieux.com\/","name":"Fr\u00e9d\u00e9ric Durieux","description":"Compositeur","publisher":{"@id":"https:\/\/www.fredericdurieux.com\/#\/schema\/person\/a33962bb2a339dd50976b2e193f30b79"},"potentialAction":[{"@type":"SearchAction","target":{"@type":"EntryPoint","urlTemplate":"https:\/\/www.fredericdurieux.com\/?s={search_term_string}"},"query-input":"required name=search_term_string"}],"inLanguage":"fr-FR"},{"@type":["Person","Organization"],"@id":"https:\/\/www.fredericdurieux.com\/#\/schema\/person\/a33962bb2a339dd50976b2e193f30b79","name":"Fr\u00e9d\u00e9ric Durieux","image":{"@type":"ImageObject","inLanguage":"fr-FR","@id":"https:\/\/www.fredericdurieux.com\/#\/schema\/person\/image\/","url":"https:\/\/www.fredericdurieux.com\/wp-content\/uploads\/2022\/01\/Portrait-Durieux-Ecoutes.jpg","contentUrl":"https:\/\/www.fredericdurieux.com\/wp-content\/uploads\/2022\/01\/Portrait-Durieux-Ecoutes.jpg","width":600,"height":646,"caption":"Fr\u00e9d\u00e9ric Durieux"},"logo":{"@id":"https:\/\/www.fredericdurieux.com\/#\/schema\/person\/image\/"},"sameAs":["FDurieux"]}]}},"_links":{"self":[{"href":"https:\/\/www.fredericdurieux.com\/index.php\/wp-json\/wp\/v2\/pages\/68"}],"collection":[{"href":"https:\/\/www.fredericdurieux.com\/index.php\/wp-json\/wp\/v2\/pages"}],"about":[{"href":"https:\/\/www.fredericdurieux.com\/index.php\/wp-json\/wp\/v2\/types\/page"}],"author":[{"embeddable":true,"href":"https:\/\/www.fredericdurieux.com\/index.php\/wp-json\/wp\/v2\/users\/1"}],"replies":[{"embeddable":true,"href":"https:\/\/www.fredericdurieux.com\/index.php\/wp-json\/wp\/v2\/comments?post=68"}],"version-history":[{"count":6,"href":"https:\/\/www.fredericdurieux.com\/index.php\/wp-json\/wp\/v2\/pages\/68\/revisions"}],"predecessor-version":[{"id":3293,"href":"https:\/\/www.fredericdurieux.com\/index.php\/wp-json\/wp\/v2\/pages\/68\/revisions\/3293"}],"wp:attachment":[{"href":"https:\/\/www.fredericdurieux.com\/index.php\/wp-json\/wp\/v2\/media?parent=68"}],"curies":[{"name":"wp","href":"https:\/\/api.w.org\/{rel}","templated":true}]}}